{"id":2056,"date":"2022-03-17T10:27:04","date_gmt":"2022-03-17T10:27:04","guid":{"rendered":"https:\/\/balstroj.sk\/kontakt\/"},"modified":"2026-02-12T13:11:08","modified_gmt":"2026-02-12T13:11:08","slug":"kontakt","status":"publish","type":"page","link":"https:\/\/balstroj.sk\/de\/kontakt\/","title":{"rendered":"Kontakt"},"content":{"rendered":"\n<div class=\"wp-block-stackable-columns alignwide stk-block-columns stk-block stk-f5554c3 stk-block-background\" data-block-id=\"f5554c3\"><style>.stk-f5554c3 {background-color:var(--theme-palette-color-1, #0D7749) !important;background-position:center center !important;background-repeat:no-repeat !important;background-size:cover !important;overflow:hidden !important;padding-top:180px !important;padding-right:80px !important;padding-bottom:60px !important;padding-left:80px !important;margin-bottom:0px !important;}.stk-f5554c3:before{background-color:var(--theme-palette-color-1, #0D7749) !important;}@media screen and (max-width:689px){.stk-f5554c3 {padding-top:100px !important;padding-right:25px !important;padding-left:25px !important;}}<\/style><div class=\"stk-row stk-inner-blocks has-text-align-center-mobile stk-block-content stk-content-align stk-f5554c3-column alignwide\">\n<div class=\"wp-block-stackable-column stk-block-column stk-column stk-block stk-3f739b8\" data-v=\"4\" data-block-id=\"3f739b8\"><style>.stk-3f739b8-container{margin-top:0px !important;margin-right:0px !important;margin-bottom:0px !important;margin-left:0px !important;}<\/style><div class=\"stk-column-wrapper stk-block-column__content stk-container stk-3f739b8-container stk--no-background stk--no-padding\"><div class=\"stk-block-content stk-inner-blocks stk-3f739b8-inner-blocks\">\n<div class=\"wp-block-stackable-heading stk-block-heading stk-block-heading--v2 stk-block stk-99f93f5\" id=\"podme-prediskutovat-vas-skvely-projekt\" data-block-id=\"99f93f5\"><style>.stk-99f93f5 {max-width:68% !important;min-width:auto !important;margin-bottom:50px !important;}.stk-99f93f5 .stk-block-heading__text{font-size:60px !important;color:var(--theme-palette-color-8, #ffffff) !important;line-height:1.1em !important;}@media screen and (max-width:999px){.stk-99f93f5 {max-width:100% !important;min-width:auto !important;}.stk-99f93f5 .stk-block-heading__text{font-size:40px !important;}}@media screen and (max-width:689px){.stk-99f93f5 {margin-bottom:35px !important;}.stk-99f93f5 .stk-block-heading__text{font-size:30px !important;}}<\/style><h2 class=\"stk-block-heading__text has-text-color has-palette-color-8-color\">Lassen Sie uns \u00fcber Ihr gro\u00dfartiges Projekt sprechen!<\/h2><\/div>\n\n\n\n<div class=\"wp-block-stackable-columns stk-block-columns stk-block stk-b536dc7 stk-block-background\" data-block-id=\"b536dc7\"><style>.stk-b536dc7 {background-color:var(--theme-palette-color-8, #ffffff) !important;overflow:hidden !important;padding-top:35px !important;padding-right:35px !important;padding-bottom:35px !important;padding-left:35px !important;margin-bottom:0px !important;}.stk-b536dc7:before{background-color:var(--theme-palette-color-8, #ffffff) !important;}.stk-b536dc7-column{--stk-column-gap:35px !important;row-gap:35px !important;}@media screen and (max-width:689px){.stk-b536dc7 {padding-top:40px !important;padding-right:25px !important;padding-bottom:40px !important;padding-left:25px !important;}}<\/style><div class=\"stk-row stk-inner-blocks stk-block-content stk-content-align stk-b536dc7-column\">\n<div class=\"wp-block-stackable-column stk-block-column stk-column stk-block stk-cdfd108\" data-v=\"4\" data-block-id=\"cdfd108\"><style>.stk-cdfd108-container{margin-top:0px !important;margin-right:0px !important;margin-bottom:0px !important;margin-left:0px !important;}<\/style><div class=\"stk-column-wrapper stk-block-column__content stk-container stk-cdfd108-container stk--no-background stk--no-padding\"><div class=\"has-text-align-center stk-block-content stk-inner-blocks stk-cdfd108-inner-blocks\">\n<div class=\"wp-block-stackable-icon stk-block-icon has-text-align-center stk-block stk-50c75da\" data-block-id=\"50c75da\"><style>.stk-50c75da .stk--svg-wrapper .stk--inner-svg svg:last-child, .stk-50c75da .stk--svg-wrapper .stk--inner-svg svg:last-child :is(g, path, rect, polygon, ellipse){fill:var(--theme-palette-color-1, #0D7749) !important;}<\/style><span class=\"stk--svg-wrapper\"><div class=\"stk--inner-svg\"><svg style=\"height:0;width:0\"><defs><lineargradient id=\"linear-gradient-50c75da\" x1=\"0\" x2=\"100%\" y1=\"0\" y2=\"0\"><stop offset=\"0%\" style=\"stop-opacity:1;stop-color:var(--linear-gradient-50-c-75-da-color-1)\"><\/stop><stop offset=\"100%\" style=\"stop-opacity:1;stop-color:var(--linear-gradient-50-c-75-da-color-2)\"><\/stop><\/lineargradient><\/defs><\/svg><svg class=\"ugb-custom-icon\" version=\"1.1\" id=\"Capa_1-44251\" xmlns=\"http:\/\/www.w3.org\/2000\/svg\" xmlns:xlink=\"http:\/\/www.w3.org\/1999\/xlink\" x=\"0px\" y=\"0px\" viewbox=\"0 0 512 512\" style=\"enable-background:new 0 0 512 512;\" xml:space=\"preserve\" aria-hidden=\"true\" width=\"32\" height=\"32\">&#13;\n\t\t<path d=\"M467,76H45C20.137,76,0,96.262,0,121v270c0,24.885,20.285,45,45,45h422c24.655,0,45-20.03,45-45V121&#13;&#10;&#9;&#9;&#9;C512,96.306,491.943,76,467,76z M460.698,106c-9.194,9.145-167.415,166.533-172.878,171.967c-8.5,8.5-19.8,13.18-31.82,13.18&#13;&#10;&#9;&#9;&#9;s-23.32-4.681-31.848-13.208C220.478,274.284,64.003,118.634,51.302,106H460.698z M30,384.894V127.125L159.638,256.08L30,384.894z&#13;&#10;&#9;&#9;&#9; M51.321,406l129.587-128.763l22.059,21.943c14.166,14.166,33,21.967,53.033,21.967c20.033,0,38.867-7.801,53.005-21.939&#13;&#10;&#9;&#9;&#9;l22.087-21.971L460.679,406H51.321z M482,384.894L352.362,256.08L482,127.125V384.894z\"><\/path>&#13;\n\t<\/svg><\/div><\/span><\/div>\n\n\n\n<div class=\"wp-block-stackable-text stk-block-text stk-block stk-dc2c22f\" data-block-id=\"dc2c22f\"><style>.stk-dc2c22f .stk-block-text__text{font-size:16px !important;color:var(--theme-palette-color-1, #0D7749) !important;}@media screen and (max-width:999px){.stk-dc2c22f .stk-block-text__text{font-size:16px !important;}}<\/style><p class=\"stk-block-text__text has-text-color has-palette-color-8-color\">info@balstroj.sk<\/p><\/div>\n<\/div><\/div><\/div>\n\n\n\n<div class=\"wp-block-stackable-column stk-block-column stk-column stk-block stk-9646b4d\" data-v=\"4\" data-block-id=\"9646b4d\"><style>.stk-9646b4d-container{margin-top:0px !important;margin-right:0px !important;margin-bottom:0px !important;margin-left:0px !important;}.stk-9646b4d {margin-left:0px !important;}<\/style><div class=\"stk-column-wrapper stk-block-column__content stk-container stk-9646b4d-container stk--no-background stk--no-padding\"><div class=\"has-text-align-center stk-block-content stk-inner-blocks stk-9646b4d-inner-blocks\">\n<div class=\"wp-block-stackable-icon stk-block-icon stk-block stk-05019a9\" data-block-id=\"05019a9\"><style>.stk-05019a9 .stk--svg-wrapper .stk--inner-svg svg:last-child, .stk-05019a9 .stk--svg-wrapper .stk--inner-svg svg:last-child :is(g, path, rect, polygon, ellipse){fill:var(--theme-palette-color-1, #0D7749) !important;}<\/style><span class=\"stk--svg-wrapper\"><div class=\"stk--inner-svg\"><svg style=\"height:0;width:0\"><defs><lineargradient id=\"linear-gradient-05019a9\" x1=\"0\" x2=\"100%\" y1=\"0\" y2=\"0\"><stop offset=\"0%\" style=\"stop-opacity:1;stop-color:var(--linear-gradient-05019-a-9-color-1)\"><\/stop><stop offset=\"100%\" style=\"stop-opacity:1;stop-color:var(--linear-gradient-05019-a-9-color-2)\"><\/stop><\/lineargradient><\/defs><\/svg><svg class=\"ugb-custom-icon\" version=\"1.1\" id=\"Capa_1-95288\" xmlns=\"http:\/\/www.w3.org\/2000\/svg\" xmlns:xlink=\"http:\/\/www.w3.org\/1999\/xlink\" x=\"0px\" y=\"0px\" viewbox=\"0 0 473.806 473.806\" style=\"enable-background:new 0 0 473.806 473.806;\" xml:space=\"preserve\" aria-hidden=\"true\" width=\"32\" height=\"32\">&#13;\n\t\t<path d=\"M374.456,293.506c-9.7-10.1-21.4-15.5-33.8-15.5c-12.3,0-24.1,5.3-34.2,15.4l-31.6,31.5c-2.6-1.4-5.2-2.7-7.7-4&#13;&#10;&#9;&#9;&#9;c-3.6-1.8-7-3.5-9.9-5.3c-29.6-18.8-56.5-43.3-82.3-75c-12.5-15.8-20.9-29.1-27-42.6c8.2-7.5,15.8-15.3,23.2-22.8&#13;&#10;&#9;&#9;&#9;c2.8-2.8,5.6-5.7,8.4-8.5c21-21,21-48.2,0-69.2l-27.3-27.3c-3.1-3.1-6.3-6.3-9.3-9.5c-6-6.2-12.3-12.6-18.8-18.6&#13;&#10;&#9;&#9;&#9;c-9.7-9.6-21.3-14.7-33.5-14.7s-24,5.1-34,14.7c-0.1,0.1-0.1,0.1-0.2,0.2l-34,34.3c-12.8,12.8-20.1,28.4-21.7,46.5&#13;&#10;&#9;&#9;&#9;c-2.4,29.2,6.2,56.4,12.8,74.2c16.2,43.7,40.4,84.2,76.5,127.6c43.8,52.3,96.5,93.6,156.7,122.7c23,10.9,53.7,23.8,88,26&#13;&#10;&#9;&#9;&#9;c2.1,0.1,4.3,0.2,6.3,0.2c23.1,0,42.5-8.3,57.7-24.8c0.1-0.2,0.3-0.3,0.4-0.5c5.2-6.3,11.2-12,17.5-18.1c4.3-4.1,8.7-8.4,13-12.9&#13;&#10;&#9;&#9;&#9;c9.9-10.3,15.1-22.3,15.1-34.6c0-12.4-5.3-24.3-15.4-34.3L374.456,293.506z M410.256,398.806&#13;&#10;&#9;&#9;&#9;C410.156,398.806,410.156,398.906,410.256,398.806c-3.9,4.2-7.9,8-12.2,12.2c-6.5,6.2-13.1,12.7-19.3,20&#13;&#10;&#9;&#9;&#9;c-10.1,10.8-22,15.9-37.6,15.9c-1.5,0-3.1,0-4.6-0.1c-29.7-1.9-57.3-13.5-78-23.4c-56.6-27.4-106.3-66.3-147.6-115.6&#13;&#10;&#9;&#9;&#9;c-34.1-41.1-56.9-79.1-72-119.9c-9.3-24.9-12.7-44.3-11.2-62.6c1-11.7,5.5-21.4,13.8-29.7l34.1-34.1c4.9-4.6,10.1-7.1,15.2-7.1&#13;&#10;&#9;&#9;&#9;c6.3,0,11.4,3.8,14.6,7c0.1,0.1,0.2,0.2,0.3,0.3c6.1,5.7,11.9,11.6,18,17.9c3.1,3.2,6.3,6.4,9.5,9.7l27.3,27.3&#13;&#10;&#9;&#9;&#9;c10.6,10.6,10.6,20.4,0,31c-2.9,2.9-5.7,5.8-8.6,8.6c-8.4,8.6-16.4,16.6-25.1,24.4c-0.2,0.2-0.4,0.3-0.5,0.5&#13;&#10;&#9;&#9;&#9;c-8.6,8.6-7,17-5.2,22.7c0.1,0.3,0.2,0.6,0.3,0.9c7.1,17.2,17.1,33.4,32.3,52.7l0.1,0.1c27.6,34,56.7,60.5,88.8,80.8&#13;&#10;&#9;&#9;&#9;c4.1,2.6,8.3,4.7,12.3,6.7c3.6,1.8,7,3.5,9.9,5.3c0.4,0.2,0.8,0.5,1.2,0.7c3.4,1.7,6.6,2.5,9.9,2.5c8.3,0,13.5-5.2,15.2-6.9&#13;&#10;&#9;&#9;&#9;l34.2-34.2c3.4-3.4,8.8-7.5,15.1-7.5c6.2,0,11.3,3.9,14.4,7.3c0.1,0.1,0.1,0.1,0.2,0.2l55.1,55.1&#13;&#10;&#9;&#9;&#9;C420.456,377.706,420.456,388.206,410.256,398.806z\"><\/path>&#13;\n\t\t<path d=\"M256.056,112.706c26.2,4.4,50,16.8,69,35.8s31.3,42.8,35.8,69c1.1,6.6,6.8,11.2,13.3,11.2c0.8,0,1.5-0.1,2.3-0.2&#13;&#10;&#9;&#9;&#9;c7.4-1.2,12.3-8.2,11.1-15.6c-5.4-31.7-20.4-60.6-43.3-83.5s-51.8-37.9-83.5-43.3c-7.4-1.2-14.3,3.7-15.6,11&#13;&#10;&#9;&#9;&#9;S248.656,111.506,256.056,112.706z\"><\/path>&#13;\n\t\t<path d=\"M473.256,209.006c-8.9-52.2-33.5-99.7-71.3-137.5s-85.3-62.4-137.5-71.3c-7.3-1.3-14.2,3.7-15.5,11&#13;&#10;&#9;&#9;&#9;c-1.2,7.4,3.7,14.3,11.1,15.6c46.6,7.9,89.1,30,122.9,63.7c33.8,33.8,55.8,76.3,63.7,122.9c1.1,6.6,6.8,11.2,13.3,11.2&#13;&#10;&#9;&#9;&#9;c0.8,0,1.5-0.1,2.3-0.2C469.556,223.306,474.556,216.306,473.256,209.006z\"><\/path>&#13;\n\t<\/svg><\/div><\/span><\/div>\n\n\n\n\n<\/div><\/div><\/div>\n<\/div><\/div>\n<\/div><\/div><\/div>\n<\/div><\/div>\n\n<div class=\"wp-block-stackable-spacer stk-block-spacer stk--no-padding stk-block stk-6a8268d\" data-block-id=\"6a8268d\"><style>.stk-6a8268d {height:50px !important;}@media screen and (max-width:999px){.stk-6a8268d {height:70px !important;}}<\/style><\/div>\n\n<div class=\"wp-block-stackable-columns stk-block-columns stk-block stk-971085f\" data-block-id=\"971085f\"><style>.stk-971085f {padding-top:0px !important;padding-right:0px !important;padding-bottom:0px !important;padding-left:0px !important;margin-bottom:0px !important;}.stk-971085f-column{--stk-column-gap:35px !important;row-gap:35px !important;}<\/style><div class=\"stk-row stk-inner-blocks stk-block-content stk-content-align stk-971085f-column\">\n<div class=\"wp-block-stackable-column stk-block-column stk-column stk-block stk-395ca3e\" data-v=\"4\" data-block-id=\"395ca3e\"><style>.stk-395ca3e-container{margin-top:0px !important;margin-right:0px !important;margin-bottom:0px !important;margin-left:0px !important;}@media screen and (min-width:690px){.stk-395ca3e {flex:var(--stk-flex-grow, 1) 1 calc(50% - var(--stk-column-gap, 0px) * 1 \/ 2 ) !important;}}<\/style><div class=\"stk-column-wrapper stk-block-column__content stk-container stk-395ca3e-container stk--no-background stk--no-padding\"><div class=\"stk-block-content stk-inner-blocks stk-395ca3e-inner-blocks\">\n<div class=\"wp-block-stackable-text stk-block-text stk-block stk-77d462d\" data-block-id=\"77d462d\"><style>.stk-77d462d {margin-bottom:16px !important;}.stk-77d462d .stk-block-text__text{color:var(--theme-palette-color-4, #000000) !important;font-weight:600 !important;text-transform:uppercase !important;}<\/style><p class=\"stk-block-text__text has-text-color has-palette-color-4-color has-text-align-center\">Lassen Sie uns reden!<\/p><\/div>\n\n\n\n<div class=\"wp-block-stackable-heading stk-block-heading stk-block-heading--v2 stk-block stk-02dc96b\" id=\"poslite-nam-svoju-spravu\" data-block-id=\"02dc96b\"><style>.stk-02dc96b {margin-bottom:8px !important;}@media screen and (max-width:999px){.stk-02dc96b .stk-block-heading__text{font-size:30px !important;}}@media screen and (max-width:689px){.stk-02dc96b .stk-block-heading__text{font-size:25px !important;}}<\/style><h2 class=\"stk-block-heading__text has-text-align-center\">Schicken Sie uns Ihre Nachricht.<\/h2><\/div>\n\n\n\n<div class=\"wp-block-stackable-text stk-block-text stk-block stk-d6d22e0\" data-block-id=\"d6d22e0\"><style>.stk-d6d22e0 {max-width:700px !important;min-width:auto !important;margin-right:auto !important;margin-bottom:60px !important;margin-left:auto !important;}@media screen and (max-width:689px){.stk-d6d22e0 {margin-bottom:24px !important;}}<\/style><p class=\"stk-block-text__text has-text-align-center\">Haben Sie Fragen oder m\u00f6chten Ihr Projekt besprechen? Z\u00f6gern Sie nicht, uns zu kontaktieren! Wir stellen Ihnen gerne alle notwendigen Informationen zur Verf\u00fcgung und helfen Ihnen, die beste L\u00f6sung zu finden. F\u00fcllen Sie das untenstehende Formular aus oder kontaktieren Sie uns direkt. Wir freuen uns auf die Zusammenarbeit!    <\/p><\/div>\n<\/div><\/div><\/div>\n\n\n\n<div class=\"wp-block-stackable-column stk-block-column stk-column stk-block stk-f3a4e91\" data-v=\"4\" data-block-id=\"f3a4e91\"><style>.stk-f3a4e91-container{margin-top:0px !important;margin-right:0px !important;margin-bottom:0px !important;margin-left:0px !important;}.stk-f3a4e91 {padding-left:30px !important;}@media screen and (min-width:690px){.stk-f3a4e91 {flex:var(--stk-flex-grow, 1) 1 calc(50% - var(--stk-column-gap, 0px) * 1 \/ 2 ) !important;}}@media screen and (max-width:689px){.stk-f3a4e91 {padding-left:0px !important;}}<\/style><div class=\"stk-column-wrapper stk-block-column__content stk-container stk-f3a4e91-container stk--no-background stk--no-padding\"><div class=\"stk-block-content stk-inner-blocks stk-f3a4e91-inner-blocks\"><div class=\"wpforms-container wpforms-block wpforms-block-6956573f-c6da-4674-88e6-5048fee6340a wpforms-render-modern\" id=\"wpforms-298\"><form id=\"wpforms-form-298\" class=\"wpforms-validate wpforms-form wpforms-ajax-form\" data-formid=\"298\" method=\"post\" enctype=\"multipart\/form-data\" action=\"\/de\/wp-json\/wp\/v2\/pages\/2056\" data-token=\"41dce46c71c7f6fddf98d2b1845258f9\" data-token-time=\"1775899850\"><noscript class=\"wpforms-error-noscript\">Bitte aktiviere JavaScript in deinem Browser, um dieses Formular fertigzustellen.<\/noscript><div id=\"wpforms-error-noscript\" style=\"display: none;\">Bitte aktiviere JavaScript in deinem Browser, um dieses Formular fertigzustellen.<\/div><div class=\"wpforms-field-container\"><div id=\"wpforms-298-field_0-container\" class=\"wpforms-field wpforms-field-name\" data-field-id=\"0\"><label class=\"wpforms-field-label\" for=\"wpforms-298-field_0\">Name <span class=\"wpforms-required-label\" aria-hidden=\"true\">*<\/span><\/label><input type=\"text\" id=\"wpforms-298-field_0\" class=\"wpforms-field-large wpforms-field-required\" name=\"wpforms[fields][0]\" aria-errormessage=\"wpforms-298-field_0-error\" required><\/div><div id=\"wpforms-298-field_1-container\" class=\"wpforms-field wpforms-field-email\" data-field-id=\"1\"><label class=\"wpforms-field-label\" for=\"wpforms-298-field_1\">E-mail <span class=\"wpforms-required-label\" aria-hidden=\"true\">*<\/span><\/label><input type=\"email\" id=\"wpforms-298-field_1\" class=\"wpforms-field-large wpforms-field-required\" name=\"wpforms[fields][1]\" spellcheck=\"false\" aria-errormessage=\"wpforms-298-field_1-error\" required><\/div><div id=\"wpforms-298-field_7-container\" class=\"wpforms-field wpforms-field-text\" data-field-id=\"7\"><label class=\"wpforms-field-label\" for=\"wpforms-298-field_7\">Telefon <span class=\"wpforms-required-label\" aria-hidden=\"true\">*<\/span><\/label><input type=\"text\" id=\"wpforms-298-field_7\" class=\"wpforms-field-medium wpforms-field-required\" name=\"wpforms[fields][7]\" aria-errormessage=\"wpforms-298-field_7-error\" required><\/div><div id=\"wpforms-298-field_2-container\" class=\"wpforms-field wpforms-field-textarea\" data-field-id=\"2\"><label class=\"wpforms-field-label\" for=\"wpforms-298-field_2\">Kommentar oder Nachricht <span class=\"wpforms-required-label\" aria-hidden=\"true\">*<\/span><\/label><textarea id=\"wpforms-298-field_2\" class=\"wpforms-field-large wpforms-field-required\" name=\"wpforms[fields][2]\" aria-errormessage=\"wpforms-298-field_2-error\" required><\/textarea><\/div><div id=\"wpforms-298-field_5-container\" class=\"wpforms-field wpforms-field-gdpr-checkbox\" data-field-id=\"5\"><label class=\"wpforms-field-label\">DSGVO-Zustimmung: <span class=\"wpforms-required-label\" aria-hidden=\"true\">*<\/span><\/label><ul id=\"wpforms-298-field_5\" class=\"wpforms-field-required\"><li class=\"choice-1\"><input type=\"checkbox\" id=\"wpforms-298-field_5_1\" name=\"wpforms[fields][5][]\" value=\"Ich stimme der Verarbeitung meiner personenbezogenen Daten gem\u00e4\u00df &lt;a href=&quot;https:\/\/domfort.sk\/ochrana-osobnych-udajov\/&quot; target=&quot;_blank&quot;&gt;DSGVO und den Datenschutzbestimmungen&lt;\/a&gt; zu.\" aria-errormessage=\"wpforms-298-field_5_1-error\" required ><label class=\"wpforms-field-label-inline\" for=\"wpforms-298-field_5_1\">Ich stimme der Verarbeitung meiner personenbezogenen Daten gem\u00e4\u00df <a href=\"https:\/\/domfort.sk\/ochrana-osobnych-udajov\/\" target=\"_blank\">DSGVO und den Datenschutzbestimmungen<\/a> zu.<\/label><\/li><\/ul><\/div><\/div><!-- .wpforms-field-container --><div class=\"wpforms-recaptcha-container wpforms-is-recaptcha wpforms-is-recaptcha-type-invisible\" ><div class=\"g-recaptcha\" data-sitekey=\"6LcSj_8qAAAAAGC_HDxfSJ9FCka5VpVD2KZ7_gnd\" data-size=\"invisible\"><\/div><\/div><div class=\"wpforms-submit-container\" ><input type=\"hidden\" name=\"wpforms[id]\" value=\"298\"><input type=\"hidden\" name=\"page_title\" value=\"\"><input type=\"hidden\" name=\"page_url\" value=\"https:\/\/balstroj.sk\/de\/wp-json\/wp\/v2\/pages\/2056\"><input type=\"hidden\" name=\"url_referer\" value=\"\"><button type=\"submit\" name=\"wpforms[submit]\" id=\"wpforms-submit-298\" class=\"wpforms-submit\" data-alt-text=\"Senden\u2026\" data-submit-text=\"Nachricht senden\" aria-live=\"assertive\" value=\"wpforms-submit\">Nachricht senden<\/button><img loading=\"lazy\" decoding=\"async\" src=\"https:\/\/balstroj.sk\/wp-content\/plugins\/wpforms-lite\/assets\/images\/submit-spin.svg\" class=\"wpforms-submit-spinner\" style=\"display: none;\" width=\"26\" height=\"26\" alt=\"Wird geladen\"><\/div><\/form><\/div>  <!-- .wpforms-container --><\/div><\/div><\/div>\n<\/div><\/div>\n","protected":false},"excerpt":{"rendered":"<p>Lassen Sie uns \u00fcber Ihr gro\u00dfartiges Projekt sprechen! &#13; &#13; info@balstroj.sk &#13; &#13; &#13; &#13; Lassen Sie uns reden! Schicken Sie uns Ihre Nachricht. Haben Sie Fragen oder m\u00f6chten Ihr Projekt besprechen? Z\u00f6gern Sie nicht, uns zu kontaktieren! Wir stellen Ihnen gerne alle notwendigen Informationen zur Verf\u00fcgung und helfen Ihnen, die beste L\u00f6sung zu finden. [&hellip;]<\/p>\n","protected":false},"author":1,"featured_media":0,"parent":0,"menu_order":0,"comment_status":"closed","ping_status":"closed","template":"","meta":{"footnotes":""},"class_list":["post-2056","page","type-page","status-publish","hentry"],"blocksy_meta":{"styles_descriptor":{"styles":{"desktop":"","tablet":"","mobile":""},"google_fonts":[],"version":6},"page_title_panel":"","has_hero_section":"disabled","839a7d51b0bfd88a1903c1a9924cd5bf":"","hero_section":"type-1","hero_elements":[{"id":"custom_title","enabled":true,"heading_tag":"h1","title":"Home"},{"id":"custom_description","enabled":true,"description_visibility":{"desktop":true,"tablet":true,"mobile":false}},{"id":"custom_meta","enabled":false,"meta_elements":[{"id":"author","enabled":true,"label":"By","has_author_avatar":"yes","avatar_size":25},{"id":"post_date","enabled":true,"label":"On","date_format_source":"default","date_format":"M j, Y"},{"id":"updated_date","enabled":false,"label":"On","date_format_source":"default","date_format":"M j, Y"},{"id":"categories","enabled":false,"label":"In","style":"simple"},{"id":"comments","enabled":true}],"page_meta_elements":{"joined":true,"articles_count":true,"comments":true}},{"id":"breadcrumbs","enabled":false}],"9ce6b35c2b690dfb222669425cda6cf3":"","hero_alignment1":"CT_CSS_SKIP_RULE","hero_margin":40,"hero_alignment2":"center","hero_vertical_alignment":"center","2444c5d730e231f971268a93b5085f39":"","hero_structure":"narrow","e40a36985f7c43dae473ef23c34538c6":"","page_title_bg_type":"featured_image","custom_hero_background":{"attachment_id":null},"parallax":{"desktop":false,"tablet":false,"mobile":false},"0ff2609f549f607358743587ec10b4b6":"","hero_height":"250px","pageTitleFont":{"family":"Default","variation":"Default","size":"30px","line-height":"CT_CSS_SKIP_RULE","letter-spacing":"CT_CSS_SKIP_RULE","text-transform":"CT_CSS_SKIP_RULE","text-decoration":"CT_CSS_SKIP_RULE"},"pageTitleFontColor":{"default":{"color":"CT_CSS_SKIP_RULEDEFAULT"}},"pageMetaFont":{"family":"Default","variation":"n6","size":"12px","line-height":"1.3","letter-spacing":"CT_CSS_SKIP_RULE","text-transform":"uppercase","text-decoration":"CT_CSS_SKIP_RULE"},"pageMetaFontColor":{"default":{"color":"CT_CSS_SKIP_RULEDEFAULT"},"hover":{"color":"CT_CSS_SKIP_RULEDEFAULT"}},"page_meta_button_type_font_colors":{"default":{"color":"CT_CSS_SKIP_RULEDEFAULT"},"hover":{"color":"CT_CSS_SKIP_RULEDEFAULT"}},"page_meta_button_type_background_colors":{"default":{"color":"CT_CSS_SKIP_RULEDEFAULT"},"hover":{"color":"CT_CSS_SKIP_RULEDEFAULT"}},"pageExcerptFont":{"family":"Default","variation":"Default","size":"CT_CSS_SKIP_RULE","line-height":"CT_CSS_SKIP_RULE","letter-spacing":"CT_CSS_SKIP_RULE","text-transform":"CT_CSS_SKIP_RULE","text-decoration":"CT_CSS_SKIP_RULE"},"pageExcerptColor":{"default":{"color":"CT_CSS_SKIP_RULEDEFAULT"}},"breadcrumbsFont":{"family":"Default","variation":"Default","size":"CT_CSS_SKIP_RULE","line-height":"CT_CSS_SKIP_RULE","letter-spacing":"CT_CSS_SKIP_RULE","text-transform":"CT_CSS_SKIP_RULE","text-decoration":"CT_CSS_SKIP_RULE"},"breadcrumbsFontColor":{"default":{"color":"CT_CSS_SKIP_RULEDEFAULT"},"initial":{"color":"CT_CSS_SKIP_RULEDEFAULT"},"hover":{"color":"CT_CSS_SKIP_RULEDEFAULT"}},"pageTitleOverlay":{"background_type":"color","background_pattern":"type-1","background_image":{"attachment_id":null,"x":0,"y":0},"gradient":"linear-gradient(135deg,rgba(6,147,227,1) 0%,rgb(155,81,224) 100%)","background_repeat":"repeat","background_size":"auto","background_attachment":"scroll","patternColor":{"default":{"color":"#e5e7ea"}},"overlayColor":{"default":{"color":"CT_CSS_SKIP_RULE"}},"backgroundColor":{"default":{"color":"CT_CSS_SKIP_RULE"}}},"pageTitleBackground":{"background_type":"color","background_pattern":"type-1","background_image":{"attachment_id":null,"x":0,"y":0},"gradient":"linear-gradient(135deg,rgba(6,147,227,1) 0%,rgb(155,81,224) 100%)","background_repeat":"repeat","background_size":"auto","background_attachment":"scroll","patternColor":{"default":{"color":"#e5e7ea"}},"overlayColor":{"default":{"color":"CT_CSS_SKIP_RULE"}},"backgroundColor":{"default":{"color":"var(--theme-palette-color-6)"}}},"pageTitlePadding":{"top":"50px","bottom":"50px","left":"auto","right":"auto","linked":true},"4a65ecdfab8a002d7a371af001a0a932":"","page_structure_type":"default","1d421f8915b07a1791185dd1ccf92dae":"","content_style_source":"inherit","content_style":"wide","vertical_spacing_source":"custom","content_area_spacing":"none","background":{"background_type":"color","background_pattern":"type-1","background_image":{"attachment_id":null,"x":0,"y":0},"gradient":"linear-gradient(135deg,rgba(6,147,227,1) 0%,rgb(155,81,224) 100%)","background_repeat":"repeat","background_size":"auto","background_attachment":"scroll","patternColor":{"default":{"color":"#e5e7ea"}},"overlayColor":{"default":{"color":"CT_CSS_SKIP_RULE"}},"backgroundColor":{"default":{"color":"CT_CSS_SKIP_RULE"}}},"content_background":{"background_type":"color","background_pattern":"type-1","background_image":{"attachment_id":null,"x":0,"y":0},"gradient":"linear-gradient(135deg,rgba(6,147,227,1) 0%,rgb(155,81,224) 100%)","background_repeat":"repeat","background_size":"auto","background_attachment":"scroll","patternColor":{"default":{"color":"#e5e7ea"}},"overlayColor":{"default":{"color":"CT_CSS_SKIP_RULE"}},"backgroundColor":{"default":{"color":"var(--theme-palette-color-8)"}}},"content_boxed_shadow":{"inherit":false,"blur":18,"spread":-6,"v_offset":12,"h_offset":0,"inset":false,"enable":true,"color":{"color":"rgba(34, 56, 101, 0.04)"}},"boxed_content_spacing":{"desktop":{"top":"40px","bottom":"40px","left":"40px","right":"40px","linked":true},"tablet":{"top":"35px","bottom":"35px","left":"35px","right":"35px","linked":true},"mobile":{"top":"20px","bottom":"20px","left":"20px","right":"20px","linked":true}},"content_boxed_radius":{"top":"3px","bottom":"3px","left":"3px","right":"3px","linked":true},"bff58046c813f5853af44ba3a835ce9b":"","disable_featured_image":"no","disable_share_box":"no","disable_header":"no","disable_footer":"no"},"_links":{"self":[{"href":"https:\/\/balstroj.sk\/de\/wp-json\/wp\/v2\/pages\/2056","targetHints":{"allow":["GET"]}}],"collection":[{"href":"https:\/\/balstroj.sk\/de\/wp-json\/wp\/v2\/pages"}],"about":[{"href":"https:\/\/balstroj.sk\/de\/wp-json\/wp\/v2\/types\/page"}],"author":[{"embeddable":true,"href":"https:\/\/balstroj.sk\/de\/wp-json\/wp\/v2\/users\/1"}],"replies":[{"embeddable":true,"href":"https:\/\/balstroj.sk\/de\/wp-json\/wp\/v2\/comments?post=2056"}],"version-history":[{"count":0,"href":"https:\/\/balstroj.sk\/de\/wp-json\/wp\/v2\/pages\/2056\/revisions"}],"wp:attachment":[{"href":"https:\/\/balstroj.sk\/de\/wp-json\/wp\/v2\/media?parent=2056"}],"curies":[{"name":"wp","href":"https:\/\/api.w.org\/{rel}","templated":true}]}}